{"id":26,"date":"2022-04-07T17:07:45","date_gmt":"2022-04-07T17:07:45","guid":{"rendered":"https:\/\/www.tc-gw-tetz.de\/?page_id=26"},"modified":"2022-05-07T05:49:51","modified_gmt":"2022-05-07T05:49:51","slug":"ueber-uns","status":"publish","type":"page","link":"https:\/\/www.tc-gw-tetz.de\/index.php\/ueber-uns\/","title":{"rendered":"Datenschutzrichtlinie"},"content":{"rendered":"\n<p><\/p>\n\n\n\n<p><br><br>Verein: TC Gr\u00fcn-Wei\u00df Tetz e. V., in Folgenden &#8218;Verein&#8216; genannt.<\/p>\n\n\n\n<p><br>Adresse: Am Vogeldriesch 8, 52441 Linnich<\/p>\n\n\n\n<p><br><br>Zentrale E-Mail: info@tc-gw-tetz.de<br><\/p>\n\n\n\n<p>Gesch\u00e4ftsf\u00fchrung: gf@tc-gw-tetz.de<br><\/p>\n\n\n\n<p>Web-Adresse: www.tc-gw-tetz.de<br><\/p>\n\n\n\n<p>Der Verein erhebt zur Durchf\u00fchrung seiner Vereinst\u00e4tigkeit verschiedene Pers\u00f6nliche Daten seiner Mitglieder. Der Umfang und die Verwendung dieser Daten wird in dieser Datenschutzrichtlinie beschrieben.<br><\/p>\n\n\n\n<p><strong>Welche Daten werden erhoben?<\/strong><br>Nur f\u00fcr die Vereinsverwaltung unbedingt notwendige Daten wie:<br>Name, Geburtsdatum, Anschrift, Tel, E-Mail, Bankverbindung, Familienstand. Bei minderj\u00e4hrigen Mitgliedern zus\u00e4tzlich die Namen, Adressen, Tel., E-Mail und Bankverbindung der Eltern, bzw. der Erziehungsberechtigten. Die Erhebung dieser Daten erfolgt normalerweise in Papierform auf dem Aufnahmeantrag in der jeweils g\u00fcltigen Fassung.<br><\/p>\n\n\n\n<p>\u00dcber die Homepage werden derzeit keinerlei Daten erhoben oder gespeichert. Es besteht aber die M\u00f6glichkeit per E-Mail mit dem Verein bzw. einzelnen Vorstandsmitgliedern \u00fcber die Homepage in Kontakt zu treten.<\/p>\n\n\n\n<p>Die E-Mail Konten xxx@tc-gw-tetz.de sowie die Homepage www.tc-gw-tetz.de werden bei der netcup GmbH, Daimlerstra\u00dfe 25, D-76185 Karlsruhe gehostet und mit den dort \u00fcblichen Sicherheitsmechanismen gesichert.<\/p>\n\n\n\n<p><br>Zu Fotos: Siehe Hinweis zu Fotos unten.<\/p>\n\n\n\n<p><br><strong>Wie werden die Daten gespeichert?<\/strong><br>In Papierform und auf den Computern des Gesch\u00e4ftsf\u00fchrers und des Kassenwartes in der verwendeten Vereinsverwaltungssoftware: Derzeit: BUHL-Vereinsverwaltung.<br>Papierdokumente wie Aufnahmeantr\u00e4ge, \u00c4nderungen, Anmeldungen oder Abmeldungen, Listen, Mannschaftslisten, Trainingslisten, Arbeitslisten, Rechnungen, Abrechnungen, Buchungsunterlagen, Auswertungen oder \u00e4hnliche Unterlagen werden grunds\u00e4tzlich als PDF-Dokument erstellt und in papierloser Form gespeichert und die Originale danach vernichtet.<\/p>\n\n\n\n<p><br><strong>Wer hat Zugang zu diesen Daten?<\/strong><br>Gesch\u00e4tsf\u00fchrer und Kassenwart. Auswertungen und bestimmte Listen k\u00f6nnen einzelnen Vorstandmitgliedern zur Verf\u00fcgung gestellt werden, sofern dies den Belangen des Vereins dient.<br><\/p>\n\n\n\n<p><strong>Wie sind die Computer gesch\u00fctzt ?<\/strong><br>Durch Firewall (Software- und Hardwarefirewall) und Zugangspassw\u00f6rter.<br><\/p>\n\n\n\n<p><strong>Erfolgt eine Sicherung oder Datenhaltung in der Cloud oder einem Online-Server?<\/strong><br>Derzeit nicht.<\/p>\n\n\n\n<p><strong>Erfolgt ein Datentransfer \u00fcber das Internet?<\/strong><br>Ja, gelegentlicher verschl\u00fcsselter Datenabgleich der Vereinsverwaltung zwischen den beiden Computern mittels Software-Aktualisierungssoftware im Rahmen der Buhl-Vereinsverwaltung.<br><\/p>\n\n\n\n<p>W<strong>erden Daten an Dritte weitergegeben?<\/strong><br>Im Rahmen des Notwendigen werden einzelne Kundendaten an folgende Dritte weiter gegeben:<\/p>\n\n\n\n<ol class=\"wp-block-list\"><li>Zur Erstellung von Lastschriften oder \u00dcberweisungen (Name und Bankverbindung) an die kontof\u00fchrende Bank (derzeit: Raiffeisenbank Erkelenz eG, In L\u00f6venich 70, 41812 Erkelenz).<\/li><li>An den TVM Tennisverband Mittelrhein e. V., Merianstr. 2-4, 50769 K\u00f6ln (Nur Namen, Vornamen, Geburtsdatum) im Rahmen der Beantragung von Spielerp\u00e4ssen und zur Verwaltung der Teilnehmer von Medenspielen. Bei Spielf\u00fchrern ggf. auch Tel.-Nr. und\/oder E-Mail.<\/li><li>An die Stadtverwaltung Linnich, Rurdorfer Str. 64, 52441 Linnich im Rahmen der Beantragung von F\u00f6rdergeldern (Namen und Geburtsdatum). Keinesfalls erfolgt eine Weitergabe an Dritte zu Werbezwecken oder sonstigen Zwecken, die nicht f\u00fcr die ordnungsgem\u00e4\u00dfe Vereinsf\u00fchrung unbedingt notwendig sind. <\/li><\/ol>\n\n\n\n<p><\/p>\n\n\n\n<p><strong>Zustimmung zur Datenerhebung und \u2013speicherung. <\/strong><\/p>\n\n\n\n<p>Da sich die Datenerhebung auf das absolut notwendige Ma\u00df beschr\u00e4nkt und notwendig ist, ist eine ausdr\u00fcckliche Zustimmung der Mitglieder entbehrlich und gilt mit der Beantragung der Mitgliedschaft als erteilt, sofern eine betroffene Person nicht widerspricht. Ohne diese Daten ist eine Vereinsf\u00fchrung unm\u00f6glich!<br>L\u00f6schung der Daten: Die Daten werden solange gespeichert, wie es f\u00fcr die Vereinsverwaltung und die ordnungsgem\u00e4\u00dfe Abrechnung erforderlich ist und automatisch gel\u00f6scht, wenn diese Erfordernis nicht mehr gegeben ist und das Mitglied gek\u00fcndigt hat und keine weitergehende Aufbewahrungspflicht mehr besteht.<br><\/p>\n\n\n\n<p><strong>Auskunftsrecht<\/strong><br>Jedes Mitglied kann Auskunft \u00fcber die gespeicherten Daten verlangen, die in schriftlicher Form per E-Mail erteilt wird.<br>Die Anfrage kann formlos erfolgen.<br><\/p>\n\n\n\n<p><strong>Hinweis zu Fotos<br><\/strong>Fotos sind f\u00fcr die Vereinsf\u00fchrung nicht erforderlich und werden daher auch nicht hierf\u00fcr erfasst oder gespeichert. Sofern Fotos, z. B. bei Veranstaltungen, Medenspielen oder anderen Anl\u00e4ssen gemacht werden, wir davon ausgegangen, dass die Vereinsmitglieder hiermit und ggf. mit der Ver\u00f6ffentlichung in \u00f6rtlichen Medien einverstanden sind. In jedem Fall verpflichtet sich der Verein bei Einw\u00e4nden hiergegen die Fotos unverz\u00fcglich zu vernichten und auf die Ver\u00f6ffentlichung bzw. Weitergabe zu verzichten.<br><\/p>\n\n\n\n<p><strong>Hinweis zur sonstigen Kommunikation<\/strong><br>Die Benutzung von Facebook-Konten, Whatsapp-Gruppen oder \u00e4hnlichen Kommunikationsmedien wird vom Verein nicht unterst\u00fctzt auch wenn der Anlass hierf\u00fcr m\u00f6glicherweise im Verein liegt und ist somit eine private Angelegenheit der Beteiligten. Insofern kann hierf\u00fcr keinerlei Gew\u00e4hr im Rahmen der Datenschutzvereinbarung gegeben werden. Daten werden f\u00fcr die Nutzer dieser Gruppen seitens des Vereins nicht zur Verf\u00fcgung gestellt. <\/p>\n\n\n\n<p>Sofern derartige Aktivit\u00e4ten zwischen Vereinsmitgliedern, Eltern, Trainern oder Dritten erfolgen, sind die Nutzer angewiesen, die geltenden Datenschtutzrichtlinien zu beachten und die unn\u00f6tige Weitergabe von Daten, insbesondere<br>an Dritte, zu unterlassen.<\/p>\n\n\n\n<p>Eine Haftung des Vereins f\u00fcr derartige private Aktivit\u00e4ten ist in jedem Fall ausgeschlossen, da die Art der Nutzung privater Daten auf einer unbestimmten Anzahl von Ger\u00e4ten und mit einer unbestimmten Nutzerzahl in keiner Weise \u00fcberwacht und geregelt werden kann und somit auch eine Kontrolle der Datenhaltung in diesen F\u00e4llen v\u00f6llig unm\u00f6glich ist, nicht f\u00fcr die Vereinsf\u00fchrung n\u00f6tig ist und insbesondere die Einhaltung von Datenschutzrichtlinien vom Verein in keiner Weise \u00fcberwacht werden kann!<br><\/p>\n\n\n\n<p><strong>\u00c4nderungsvorbehalt<\/strong><br>Der Vorstand beh\u00e4lt sich die Anpassung dieser Datenschutzbestimmung infolge gesetzlicher Bestimmung oder bei sonstiger Notwendigkeit vor. Die aktuelle Fassung kann jederzeit beim Vorstand angefordert oder eingesehen werden und wird auch auf der Homepage des Vereins unter www.tc-gw-tetz.de ver\u00f6ffentlicht.<\/p>\n","protected":false},"excerpt":{"rendered":"<p>Verein: TC Gr\u00fcn-Wei\u00df Tetz e. V., in Folgenden &#8218;Verein&#8216; genannt. Adresse: Am Vogeldriesch 8, 52441 Linnich Zentrale E-Mail: info@tc-gw-tetz.de Gesch\u00e4ftsf\u00fchrung: gf@tc-gw-tetz.de Web-Adresse: www.tc-gw-tetz.de Der Verein erhebt zur Durchf\u00fchrung seiner Vereinst\u00e4tigkeit verschiedene Pers\u00f6nliche Daten seiner Mitglieder. Der Umfang und die Verwendung<\/p>\n","protected":false},"author":1,"featured_media":0,"parent":0,"menu_order":0,"comment_status":"closed","ping_status":"closed","template":"","meta":{"footnotes":""},"class_list":["post-26","page","type-page","status-publish","hentry"],"_links":{"self":[{"href":"https:\/\/www.tc-gw-tetz.de\/index.php\/wp-json\/wp\/v2\/pages\/26","targetHints":{"allow":["GET"]}}],"collection":[{"href":"https:\/\/www.tc-gw-tetz.de\/index.php\/wp-json\/wp\/v2\/pages"}],"about":[{"href":"https:\/\/www.tc-gw-tetz.de\/index.php\/wp-json\/wp\/v2\/types\/page"}],"author":[{"embeddable":true,"href":"https:\/\/www.tc-gw-tetz.de\/index.php\/wp-json\/wp\/v2\/users\/1"}],"replies":[{"embeddable":true,"href":"https:\/\/www.tc-gw-tetz.de\/index.php\/wp-json\/wp\/v2\/comments?post=26"}],"version-history":[{"count":7,"href":"https:\/\/www.tc-gw-tetz.de\/index.php\/wp-json\/wp\/v2\/pages\/26\/revisions"}],"predecessor-version":[{"id":62,"href":"https:\/\/www.tc-gw-tetz.de\/index.php\/wp-json\/wp\/v2\/pages\/26\/revisions\/62"}],"wp:attachment":[{"href":"https:\/\/www.tc-gw-tetz.de\/index.php\/wp-json\/wp\/v2\/media?parent=26"}],"curies":[{"name":"wp","href":"https:\/\/api.w.org\/{rel}","templated":true}]}}